{"id":30624,"date":"2021-03-14T08:16:50","date_gmt":"2021-03-14T08:16:50","guid":{"rendered":"https:\/\/www.tst-gpr.ch\/?page_id=30624"},"modified":"2021-10-27T15:54:29","modified_gmt":"2021-10-27T14:54:29","slug":"impressum","status":"publish","type":"page","link":"https:\/\/intranet.tst-gpr.ch\/en\/impressum\/","title":{"rendered":"Legal notice"},"content":{"rendered":"<div data-elementor-type=\"wp-page\" data-elementor-id=\"30624\" class=\"elementor elementor-30624\" data-elementor-post-type=\"page\">\n\t\t\t\t\t\t<section class=\"elementor-section elementor-top-section elementor-element elementor-element-b56e388 elementor-section-boxed elementor-section-height-default elementor-section-height-default\" data-id=\"b56e388\" data-element_type=\"section\" data-e-type=\"section\">\n\t\t\t\t\t\t<div class=\"elementor-container elementor-column-gap-default\">\n\t\t\t\t\t<div class=\"elementor-column elementor-col-100 elementor-top-column elementor-element elementor-element-f5e713e\" data-id=\"f5e713e\" data-element_type=\"column\" data-e-type=\"column\">\n\t\t\t<div class=\"elementor-widget-wrap elementor-element-populated\">\n\t\t\t\t\t\t<div class=\"elementor-element elementor-element-9618d5a elementor-widget elementor-widget-text-editor\" data-id=\"9618d5a\" data-element_type=\"widget\" data-e-type=\"widget\" data-widget_type=\"text-editor.default\">\n\t\t\t\t<div class=\"elementor-widget-container\">\n\t\t\t\t\t\t\t\t\t<h1>Legal notice<\/h1><p>TST-GPR AG<br \/>Neugr\u00fctstrasse 4b, 8610 Uster<\/p><h4>Vertreten durch:<\/h4><p>Silas Obrist<\/p><h4>Kontakt:<\/h4><p>Telefonnummer: +41 44 944 93 93<br \/>E-Mail Adresse: info@tst-gpr.ch<\/p><h2>Haftungsausschluss<\/h2><p><strong>Haftung f\u00fcr Inhalte<\/strong><br \/>Als Anbieter von Dienstleistungen sind wir verantwortlich f\u00fcr alle eigenen Inhalte die auf diesen Seiten angeboten werden. Wir sind als Anbieter dagegen nicht verpflichtet, eingereichte oder gespeicherte Informationen anderer Quellen zu \u00fcberwachen oder zu pr\u00fcfen, ob diese auf rechtswidrige T\u00e4tigkeiten verweisen. Die Verpflichtung, die Nutzung von Informationen nach den allgemeinen Gesetzen zu Entfernen oder zu sperren, bleiben davon jedoch unber\u00fchrt. Die Haftung w\u00e4re in diesem Falle erst dann m\u00f6glich, wenn Kenntnisse \u00fcber eine konkrete Rechtsverletzung vorliegen. Sollte eine Rechtsverletzung bekannt werden, werden wir die entsprechenden Inhalte so schnell wie technisch m\u00f6glich entfernen.<\/p><p><strong>Haftung f\u00fcr Links Dritter<\/strong><br \/>Unsere Webseite enth\u00e4lt Links auf Webseiten anderer Anbieter. Wir haben keinen Einfluss auf deren Inhalt. Aus diesem Grund kann von unserer Seite keine Haftung oder Gew\u00e4hr f\u00fcr diese fremden Inhalte \u00fcbernommen werden. F\u00fcr die Inhalte der jeweiligen Webseiten ist nur der entsprechende Anbieter oder Betreiber der Seite verantwortlich. Zum Zeitpunkt des Einf\u00fcgens eines Links wurden die entsprechenden Seiten auf Rechtsverst\u00f6sse \u00fcberpr\u00fcft. Zu diesem Zeitpunkt wurden keine rechtswidrigen Inhalte entdeckt. Aus technischen Gr\u00fcnden ist es unm\u00f6glich, alle verlinkten Seiten, ohne konkrete Anhaltspunkte einer Rechtsverletzung, regelm\u00e4ssig zu \u00fcberpr\u00fcfen. Sobald uns eine Rechtsverletzung bekannt wird werden wir den entsprechenden Link umgehend l\u00f6schen.<\/p><p><strong>Urheberrecht<\/strong><br \/>Alle von uns zur Verf\u00fcgung gestellten Inhalte und Bilder auf den folgenden Seiten unterliegen dem Urheberrecht. Vervielf\u00e4ltigung, Ver\u00e4nderung, Verbreitung und jegliche Form der Verwertung ausserhalb der Grenzen des Urheberrechtes sind nur mit schriftlicher Zustimmung der Autoren oder dem Anbieter m\u00f6glich. Das Herunterladen oder Kopieren dieser Seiten ist ausnahmslos nur f\u00fcr den privaten, nicht kommerziellen Gebrauch erlaubt. Inhalte der Seiten, die nicht von uns erstellt wurden, unterliegen dem Urheberrecht Dritter. Inhalte Dritter sind stets entsprechend gekennzeichnet. Sollten Sie auf unseren Seiten eine Urheberrechtsverletzung entdecken, teilen Sie es uns bitte mit. Sollte uns eine Rechtsverletzung bekannt werden, werden wir die entsprechenden Inhalte l\u00f6schen.<\/p>\t\t\t\t\t\t\t\t<\/div>\n\t\t\t\t<\/div>\n\t\t\t\t\t<\/div>\n\t\t<\/div>\n\t\t\t\t\t<\/div>\n\t\t<\/section>\n\t\t\t\t<\/div>","protected":false},"excerpt":{"rendered":"<p>Impressum TST-GPR AG Neugr\u00fctstrasse 4b, 8610 Uster Vertreten durch: Silas Obrist Kontakt: Telefonnummer: +41 44 944 93 93 E-Mail Adresse: info@tst-gpr.ch Haftungsausschluss Haftung f\u00fcr Inhalte Als Anbieter von Dienstleistungen sind wir verantwortlich f\u00fcr alle eigenen Inhalte die auf diesen Seiten angeboten werden. Wir sind als Anbieter dagegen nicht verpflichtet, eingereichte oder gespeicherte Informationen anderer Quellen&hellip;<\/p>","protected":false},"author":1,"featured_media":0,"parent":0,"menu_order":0,"comment_status":"closed","ping_status":"closed","template":"","meta":{"footnotes":""},"class_list":["post-30624","page","type-page","status-publish","hentry"],"_links":{"self":[{"href":"https:\/\/intranet.tst-gpr.ch\/en\/wp-json\/wp\/v2\/pages\/30624","targetHints":{"allow":["GET"]}}],"collection":[{"href":"https:\/\/intranet.tst-gpr.ch\/en\/wp-json\/wp\/v2\/pages"}],"about":[{"href":"https:\/\/intranet.tst-gpr.ch\/en\/wp-json\/wp\/v2\/types\/page"}],"author":[{"embeddable":true,"href":"https:\/\/intranet.tst-gpr.ch\/en\/wp-json\/wp\/v2\/users\/1"}],"replies":[{"embeddable":true,"href":"https:\/\/intranet.tst-gpr.ch\/en\/wp-json\/wp\/v2\/comments?post=30624"}],"version-history":[{"count":11,"href":"https:\/\/intranet.tst-gpr.ch\/en\/wp-json\/wp\/v2\/pages\/30624\/revisions"}],"predecessor-version":[{"id":33852,"href":"https:\/\/intranet.tst-gpr.ch\/en\/wp-json\/wp\/v2\/pages\/30624\/revisions\/33852"}],"wp:attachment":[{"href":"https:\/\/intranet.tst-gpr.ch\/en\/wp-json\/wp\/v2\/media?parent=30624"}],"curies":[{"name":"wp","href":"https:\/\/api.w.org\/{rel}","templated":true}]}}