{"id":32538,"date":"2021-05-19T08:16:24","date_gmt":"2021-05-19T07:16:24","guid":{"rendered":"https:\/\/www.tst-gpr.ch\/?page_id=32538"},"modified":"2023-07-17T13:38:44","modified_gmt":"2023-07-17T12:38:44","slug":"unternehmen","status":"publish","type":"page","link":"https:\/\/intranet.tst-gpr.ch\/en\/unternehmen\/","title":{"rendered":"Company"},"content":{"rendered":"<div data-elementor-type=\"wp-page\" data-elementor-id=\"32538\" class=\"elementor elementor-32538\" data-elementor-post-type=\"page\">\n\t\t\t\t\t\t<section class=\"elementor-section elementor-top-section elementor-element elementor-element-efdab99 elementor-section-content-middle elementor-section-boxed elementor-section-height-default elementor-section-height-default\" data-id=\"efdab99\" data-element_type=\"section\" data-e-type=\"section\">\n\t\t\t\t\t\t<div class=\"elementor-container elementor-column-gap-no\">\n\t\t\t\t\t<div class=\"elementor-column elementor-col-100 elementor-top-column elementor-element elementor-element-3d7a43ed\" data-id=\"3d7a43ed\" data-element_type=\"column\" data-e-type=\"column\">\n\t\t\t<div class=\"elementor-widget-wrap elementor-element-populated\">\n\t\t\t\t\t\t<div class=\"elementor-element elementor-element-74d0fa17 elementor-widget elementor-widget-heading\" data-id=\"74d0fa17\" data-element_type=\"widget\" data-e-type=\"widget\" data-widget_type=\"heading.default\">\n\t\t\t\t<div class=\"elementor-widget-container\">\n\t\t\t\t\t<h4 class=\"elementor-heading-title elementor-size-default\">The TST-GPR AG<\/h4>\t\t\t\t<\/div>\n\t\t\t\t<\/div>\n\t\t\t\t<div class=\"elementor-element elementor-element-122bc8ad elementor-widget elementor-widget-text-editor\" data-id=\"122bc8ad\" data-element_type=\"widget\" data-e-type=\"widget\" data-widget_type=\"text-editor.default\">\n\t\t\t\t<div class=\"elementor-widget-container\">\n\t\t\t\t\t\t\t\t\t<p><span style=\"font-weight: 400;\">TST-GPR AG was formed in January 2021 from the merger of the companies TST Trading GmbH and GPR AG.\u00a0<\/span><span style=\"font-weight: 400;\">The modern headquarters in Uster offers 4,500 sqm of warehouse space, 465 sqm of office space and a large showroom.<\/span><span style=\"font-weight: 400;\"> Under the operational management of Christian Heule, a growing team of currently around 30 employees is at work.<\/span><\/p>\t\t\t\t\t\t\t\t<\/div>\n\t\t\t\t<\/div>\n\t\t\t\t<div class=\"elementor-element elementor-element-733845e6 elementor-widget elementor-widget-video\" data-id=\"733845e6\" data-element_type=\"widget\" data-e-type=\"widget\" data-settings=\"{&quot;video_type&quot;:&quot;vimeo&quot;}\" data-no-translation=\"\" data-widget_type=\"video.default\">\n\t\t\t\t<div class=\"elementor-widget-container\">\n\t\t\t\t\t<style>.elementor-element-733845e6{display:none !important}<\/style>\t\t\t\t<\/div>\n\t\t\t\t<\/div>\n\t\t\t\t<div class=\"elementor-element elementor-element-e594229 elementor-widget elementor-widget-video\" data-id=\"e594229\" data-element_type=\"widget\" data-e-type=\"widget\" data-settings=\"{&quot;video_type&quot;:&quot;vimeo&quot;}\" data-no-translation=\"\" data-widget_type=\"video.default\">\n\t\t\t\t<div class=\"elementor-widget-container\">\n\t\t\t\t\t<style>.elementor-element-e594229{display:none !important}<\/style>\t\t\t\t<\/div>\n\t\t\t\t<\/div>\n\t\t\t\t<div class=\"elementor-element elementor-element-f210ef9 elementor-widget elementor-widget-video\" data-id=\"f210ef9\" data-element_type=\"widget\" data-e-type=\"widget\" data-settings=\"{&quot;video_type&quot;:&quot;vimeo&quot;}\" data-no-translation=\"\" data-widget_type=\"video.default\">\n\t\t\t\t<div class=\"elementor-widget-container\">\n\t\t\t\t\t\t\t<div class=\"elementor-wrapper elementor-open-inline\">\n\t\t\t<iframe class=\"elementor-video-iframe\" allowfullscreen allow=\"clipboard-write\" title=\"vimeo Video Player\" src=\"https:\/\/player.vimeo.com\/video\/548742605?color&amp;autopause=0&amp;loop=0&amp;muted=0&amp;title=0&amp;portrait=0&amp;byline=0#t=\"><\/iframe>\t\t<\/div>\n\t\t\t\t\t\t<\/div>\n\t\t\t\t<\/div>\n\t\t\t\t\t<\/div>\n\t\t<\/div>\n\t\t\t\t\t<\/div>\n\t\t<\/section>\n\t\t\t\t<section class=\"elementor-section elementor-top-section elementor-element elementor-element-223fee7 elementor-section-full_width elementor-section-height-default elementor-section-height-default\" data-id=\"223fee7\" data-element_type=\"section\" data-e-type=\"section\">\n\t\t\t\t\t\t<div class=\"elementor-container elementor-column-gap-default\">\n\t\t\t\t\t<div class=\"elementor-column elementor-col-100 elementor-top-column elementor-element elementor-element-a3b034e\" data-id=\"a3b034e\" data-element_type=\"column\" data-e-type=\"column\">\n\t\t\t<div class=\"elementor-widget-wrap elementor-element-populated\">\n\t\t\t\t\t\t<div class=\"elementor-element elementor-element-02857d7 elementor--h-position-center elementor--v-position-middle elementor-widget elementor-widget-slides\" data-id=\"02857d7\" data-element_type=\"widget\" data-e-type=\"widget\" data-settings=\"{&quot;navigation&quot;:&quot;none&quot;,&quot;transition&quot;:&quot;slide&quot;,&quot;transition_speed&quot;:500}\" data-widget_type=\"slides.default\">\n\t\t\t\t<div class=\"elementor-widget-container\">\n\t\t\t\t\t\t\t\t\t<div class=\"elementor-swiper\">\n\t\t\t\t\t<div class=\"elementor-slides-wrapper elementor-main-swiper swiper\" role=\"region\" aria-roledescription=\"carousel\" aria-label=\"Slides\" dir=\"ltr\" data-animation=\"\">\n\t\t\t\t<div class=\"swiper-wrapper elementor-slides\">\n\t\t\t\t\t\t\t\t\t\t<div class=\"elementor-repeater-item-636c4fe swiper-slide\" role=\"group\" aria-roledescription=\"slide\"><div class=\"swiper-slide-bg\" role=\"img\"><\/div><div class=\"elementor-background-overlay\"><\/div><div class=\"swiper-slide-inner\" ><div class=\"swiper-slide-contents\"><div class=\"elementor-slide-heading\">We do our best every day so that you can ride your bike every day.<\/div><\/div><\/div><\/div>\t\t\t\t<\/div>\n\t\t\t\t\t\t\t<\/div>\n\t\t\t\t<\/div>\n\t\t\t\t\t\t\t\t<\/div>\n\t\t\t\t<\/div>\n\t\t\t\t\t<\/div>\n\t\t<\/div>\n\t\t\t\t\t<\/div>\n\t\t<\/section>\n\t\t\t\t<section class=\"elementor-section elementor-top-section elementor-element elementor-element-773db562 elementor-section-content-middle elementor-section-boxed elementor-section-height-default elementor-section-height-default\" data-id=\"773db562\" data-element_type=\"section\" data-e-type=\"section\">\n\t\t\t\t\t\t<div class=\"elementor-container elementor-column-gap-no\">\n\t\t\t\t\t<div class=\"elementor-column elementor-col-100 elementor-top-column elementor-element elementor-element-208806c0\" data-id=\"208806c0\" data-element_type=\"column\" data-e-type=\"column\">\n\t\t\t<div class=\"elementor-widget-wrap elementor-element-populated\">\n\t\t\t\t\t\t<div class=\"elementor-element elementor-element-4c57d9ca elementor-widget elementor-widget-heading\" data-id=\"4c57d9ca\" data-element_type=\"widget\" data-e-type=\"widget\" data-widget_type=\"heading.default\">\n\t\t\t\t<div class=\"elementor-widget-container\">\n\t\t\t\t\t<h4 class=\"elementor-heading-title elementor-size-default\">Products and services<\/h4>\t\t\t\t<\/div>\n\t\t\t\t<\/div>\n\t\t\t\t<section class=\"elementor-section elementor-inner-section elementor-element elementor-element-1d39e9f9 elementor-section-content-middle elementor-section-boxed elementor-section-height-default elementor-section-height-default\" data-id=\"1d39e9f9\" data-element_type=\"section\" data-e-type=\"section\">\n\t\t\t\t\t\t<div class=\"elementor-container elementor-column-gap-no\">\n\t\t\t\t\t<div class=\"elementor-column elementor-col-33 elementor-inner-column elementor-element elementor-element-315c006a\" data-id=\"315c006a\" data-element_type=\"column\" data-e-type=\"column\">\n\t\t\t<div class=\"elementor-widget-wrap elementor-element-populated\">\n\t\t\t\t\t\t<div class=\"elementor-element elementor-element-70204e2f elementor-position-top elementor-widget elementor-widget-image-box\" data-id=\"70204e2f\" data-element_type=\"widget\" data-e-type=\"widget\" data-widget_type=\"image-box.default\">\n\t\t\t\t<div class=\"elementor-widget-container\">\n\t\t\t\t\t<div class=\"elementor-image-box-wrapper\"><figure class=\"elementor-image-box-img\"><img fetchpriority=\"high\" decoding=\"async\" width=\"2560\" height=\"1708\" src=\"https:\/\/intranet.tst-gpr.ch\/wp-content\/uploads\/2021\/03\/midres-tst-gpr_martin-bissig-0118-scaled.jpg\" class=\"attachment-full size-full wp-image-31383\" alt=\"\" srcset=\"https:\/\/intranet.tst-gpr.ch\/wp-content\/uploads\/2021\/03\/midres-tst-gpr_martin-bissig-0118-scaled.jpg 2560w, https:\/\/intranet.tst-gpr.ch\/wp-content\/uploads\/2021\/03\/midres-tst-gpr_martin-bissig-0118-300x200.jpg 300w, https:\/\/intranet.tst-gpr.ch\/wp-content\/uploads\/2021\/03\/midres-tst-gpr_martin-bissig-0118-1024x683.jpg 1024w, https:\/\/intranet.tst-gpr.ch\/wp-content\/uploads\/2021\/03\/midres-tst-gpr_martin-bissig-0118-768x512.jpg 768w, https:\/\/intranet.tst-gpr.ch\/wp-content\/uploads\/2021\/03\/midres-tst-gpr_martin-bissig-0118-1536x1025.jpg 1536w, https:\/\/intranet.tst-gpr.ch\/wp-content\/uploads\/2021\/03\/midres-tst-gpr_martin-bissig-0118-2048x1366.jpg 2048w, https:\/\/intranet.tst-gpr.ch\/wp-content\/uploads\/2021\/03\/midres-tst-gpr_martin-bissig-0118-16x12.jpg 16w\" sizes=\"(max-width: 2560px) 100vw, 2560px\" \/><\/figure><div class=\"elementor-image-box-content\"><h3 class=\"elementor-image-box-title\">Price Bikes<\/h3><p class=\"elementor-image-box-description\">We design, produce and distribute our own brand Price. From frame engineering to manufacturing, assembly and distribution, we perform all process steps from a single source. We are proud of our own Swiss brand.<\/p><\/div><\/div>\t\t\t\t<\/div>\n\t\t\t\t<\/div>\n\t\t\t\t\t<\/div>\n\t\t<\/div>\n\t\t\t\t<div class=\"elementor-column elementor-col-33 elementor-inner-column elementor-element elementor-element-6d83d428\" data-id=\"6d83d428\" data-element_type=\"column\" data-e-type=\"column\">\n\t\t\t<div class=\"elementor-widget-wrap elementor-element-populated\">\n\t\t\t\t\t\t<div class=\"elementor-element elementor-element-6737a813 elementor-position-top elementor-widget elementor-widget-image-box\" data-id=\"6737a813\" data-element_type=\"widget\" data-e-type=\"widget\" data-widget_type=\"image-box.default\">\n\t\t\t\t<div class=\"elementor-widget-container\">\n\t\t\t\t\t<div class=\"elementor-image-box-wrapper\"><figure class=\"elementor-image-box-img\"><img decoding=\"async\" width=\"2560\" height=\"1708\" src=\"https:\/\/intranet.tst-gpr.ch\/wp-content\/uploads\/2021\/03\/midres-tst-gpr_martin-bissig-0210-scaled.jpg\" class=\"attachment-full size-full wp-image-31384\" alt=\"\" srcset=\"https:\/\/intranet.tst-gpr.ch\/wp-content\/uploads\/2021\/03\/midres-tst-gpr_martin-bissig-0210-scaled.jpg 2560w, https:\/\/intranet.tst-gpr.ch\/wp-content\/uploads\/2021\/03\/midres-tst-gpr_martin-bissig-0210-300x200.jpg 300w, https:\/\/intranet.tst-gpr.ch\/wp-content\/uploads\/2021\/03\/midres-tst-gpr_martin-bissig-0210-1024x683.jpg 1024w, https:\/\/intranet.tst-gpr.ch\/wp-content\/uploads\/2021\/03\/midres-tst-gpr_martin-bissig-0210-768x512.jpg 768w, https:\/\/intranet.tst-gpr.ch\/wp-content\/uploads\/2021\/03\/midres-tst-gpr_martin-bissig-0210-1536x1025.jpg 1536w, https:\/\/intranet.tst-gpr.ch\/wp-content\/uploads\/2021\/03\/midres-tst-gpr_martin-bissig-0210-2048x1366.jpg 2048w, https:\/\/intranet.tst-gpr.ch\/wp-content\/uploads\/2021\/03\/midres-tst-gpr_martin-bissig-0210-16x12.jpg 16w\" sizes=\"(max-width: 2560px) 100vw, 2560px\" \/><\/figure><div class=\"elementor-image-box-content\"><h3 class=\"elementor-image-box-title\">Exclusive import<\/h3><p class=\"elementor-image-box-description\">We import carefully selected brands and premium products for the Swiss bicycle market. This includes the development and maintenance of the dealer network and the brand image. Core tasks are logistics, sales, consulting and support for our retailers.<\/p><\/div><\/div>\t\t\t\t<\/div>\n\t\t\t\t<\/div>\n\t\t\t\t\t<\/div>\n\t\t<\/div>\n\t\t\t\t<div class=\"elementor-column elementor-col-33 elementor-inner-column elementor-element elementor-element-70fc5170\" data-id=\"70fc5170\" data-element_type=\"column\" data-e-type=\"column\">\n\t\t\t<div class=\"elementor-widget-wrap elementor-element-populated\">\n\t\t\t\t\t\t<div class=\"elementor-element elementor-element-15b86240 elementor-position-top elementor-widget elementor-widget-image-box\" data-id=\"15b86240\" data-element_type=\"widget\" data-e-type=\"widget\" data-widget_type=\"image-box.default\">\n\t\t\t\t<div class=\"elementor-widget-container\">\n\t\t\t\t\t<div class=\"elementor-image-box-wrapper\"><figure class=\"elementor-image-box-img\"><img decoding=\"async\" width=\"2560\" height=\"1708\" src=\"https:\/\/intranet.tst-gpr.ch\/wp-content\/uploads\/2021\/03\/midres-tst-gpr_martin-bissig-0275-scaled.jpg\" class=\"attachment-full size-full wp-image-31387\" alt=\"\" srcset=\"https:\/\/intranet.tst-gpr.ch\/wp-content\/uploads\/2021\/03\/midres-tst-gpr_martin-bissig-0275-scaled.jpg 2560w, https:\/\/intranet.tst-gpr.ch\/wp-content\/uploads\/2021\/03\/midres-tst-gpr_martin-bissig-0275-300x200.jpg 300w, https:\/\/intranet.tst-gpr.ch\/wp-content\/uploads\/2021\/03\/midres-tst-gpr_martin-bissig-0275-1024x683.jpg 1024w, https:\/\/intranet.tst-gpr.ch\/wp-content\/uploads\/2021\/03\/midres-tst-gpr_martin-bissig-0275-768x512.jpg 768w, https:\/\/intranet.tst-gpr.ch\/wp-content\/uploads\/2021\/03\/midres-tst-gpr_martin-bissig-0275-1536x1025.jpg 1536w, https:\/\/intranet.tst-gpr.ch\/wp-content\/uploads\/2021\/03\/midres-tst-gpr_martin-bissig-0275-2048x1366.jpg 2048w, https:\/\/intranet.tst-gpr.ch\/wp-content\/uploads\/2021\/03\/midres-tst-gpr_martin-bissig-0275-16x12.jpg 16w\" sizes=\"(max-width: 2560px) 100vw, 2560px\" \/><\/figure><div class=\"elementor-image-box-content\"><h3 class=\"elementor-image-box-title\">Teile &amp; Zubeh\u00f6r<\/h3><p class=\"elementor-image-box-description\">Nowadays, availability and speed is the key to successful trading. We distribute parts and accessories of many technically advanced brands. Thanks to our lean and modern logistics processes we deliver straightforward, fast and at fair prices.\u00a0<\/p><\/div><\/div>\t\t\t\t<\/div>\n\t\t\t\t<\/div>\n\t\t\t\t\t<\/div>\n\t\t<\/div>\n\t\t\t\t\t<\/div>\n\t\t<\/section>\n\t\t\t\t\t<\/div>\n\t\t<\/div>\n\t\t\t\t\t<\/div>\n\t\t<\/section>\n\t\t\t\t<section class=\"elementor-section elementor-top-section elementor-element elementor-element-3a3e86e elementor-section-full_width elementor-section-height-default elementor-section-height-default\" data-id=\"3a3e86e\" data-element_type=\"section\" data-e-type=\"section\">\n\t\t\t\t\t\t<div class=\"elementor-container elementor-column-gap-default\">\n\t\t\t\t\t<div class=\"elementor-column elementor-col-100 elementor-top-column elementor-element elementor-element-4e7e1d9\" data-id=\"4e7e1d9\" data-element_type=\"column\" data-e-type=\"column\">\n\t\t\t<div class=\"elementor-widget-wrap elementor-element-populated\">\n\t\t\t\t\t\t<div class=\"elementor-element elementor-element-57fc3a4 elementor--h-position-center elementor--v-position-middle elementor-widget elementor-widget-slides\" data-id=\"57fc3a4\" data-element_type=\"widget\" data-e-type=\"widget\" data-settings=\"{&quot;navigation&quot;:&quot;none&quot;,&quot;transition&quot;:&quot;slide&quot;,&quot;transition_speed&quot;:500}\" data-widget_type=\"slides.default\">\n\t\t\t\t<div class=\"elementor-widget-container\">\n\t\t\t\t\t\t\t\t\t<div class=\"elementor-swiper\">\n\t\t\t\t\t<div class=\"elementor-slides-wrapper elementor-main-swiper swiper\" role=\"region\" aria-roledescription=\"carousel\" aria-label=\"Slides\" dir=\"ltr\" data-animation=\"\">\n\t\t\t\t<div class=\"swiper-wrapper elementor-slides\">\n\t\t\t\t\t\t\t\t\t\t<div class=\"elementor-repeater-item-636c4fe swiper-slide\" role=\"group\" aria-roledescription=\"slide\"><div class=\"swiper-slide-bg\" role=\"img\"><\/div><div class=\"elementor-background-overlay\"><\/div><div class=\"swiper-slide-inner\" ><div class=\"swiper-slide-contents\"><div class=\"elementor-slide-heading\">We believe: Bicycles improve the world<\/div><\/div><\/div><\/div>\t\t\t\t<\/div>\n\t\t\t\t\t\t\t<\/div>\n\t\t\t\t<\/div>\n\t\t\t\t\t\t\t\t<\/div>\n\t\t\t\t<\/div>\n\t\t\t\t\t<\/div>\n\t\t<\/div>\n\t\t\t\t\t<\/div>\n\t\t<\/section>\n\t\t\t\t<section class=\"elementor-section elementor-top-section elementor-element elementor-element-da8b9bd elementor-section-boxed elementor-section-height-default elementor-section-height-default\" data-id=\"da8b9bd\" data-element_type=\"section\" data-e-type=\"section\">\n\t\t\t\t\t\t<div class=\"elementor-container elementor-column-gap-default\">\n\t\t\t\t\t<div class=\"elementor-column elementor-col-100 elementor-top-column elementor-element elementor-element-9fc87e0\" data-id=\"9fc87e0\" data-element_type=\"column\" data-e-type=\"column\">\n\t\t\t<div class=\"elementor-widget-wrap elementor-element-populated\">\n\t\t\t\t\t\t<div class=\"elementor-element elementor-element-e049add elementor-widget elementor-widget-heading\" data-id=\"e049add\" data-element_type=\"widget\" data-e-type=\"widget\" data-widget_type=\"heading.default\">\n\t\t\t\t<div class=\"elementor-widget-container\">\n\t\t\t\t\t<h4 class=\"elementor-heading-title elementor-size-default\">Our mission (statement)<\/h4>\t\t\t\t<\/div>\n\t\t\t\t<\/div>\n\t\t\t\t\t<\/div>\n\t\t<\/div>\n\t\t\t\t\t<\/div>\n\t\t<\/section>\n\t\t\t\t<section class=\"elementor-section elementor-top-section elementor-element elementor-element-956c17a elementor-section-boxed elementor-section-height-default elementor-section-height-default\" data-id=\"956c17a\" data-element_type=\"section\" data-e-type=\"section\">\n\t\t\t\t\t\t<div class=\"elementor-container elementor-column-gap-default\">\n\t\t\t\t\t<div class=\"elementor-column elementor-col-50 elementor-top-column elementor-element elementor-element-254b323\" data-id=\"254b323\" data-element_type=\"column\" data-e-type=\"column\">\n\t\t\t<div class=\"elementor-widget-wrap elementor-element-populated\">\n\t\t\t\t\t\t<div class=\"elementor-element elementor-element-9e64e95 elementor-widget elementor-widget-image\" data-id=\"9e64e95\" data-element_type=\"widget\" data-e-type=\"widget\" data-widget_type=\"image.default\">\n\t\t\t\t<div class=\"elementor-widget-container\">\n\t\t\t\t\t\t\t\t\t\t\t\t\t\t\t<img loading=\"lazy\" decoding=\"async\" width=\"1024\" height=\"683\" src=\"https:\/\/intranet.tst-gpr.ch\/wp-content\/uploads\/2021\/05\/midres-tst-gpr_martin-bissig-0071-1024x683.jpg\" class=\"attachment-large size-large wp-image-32596\" alt=\"\" srcset=\"https:\/\/intranet.tst-gpr.ch\/wp-content\/uploads\/2021\/05\/midres-tst-gpr_martin-bissig-0071-1024x683.jpg 1024w, https:\/\/intranet.tst-gpr.ch\/wp-content\/uploads\/2021\/05\/midres-tst-gpr_martin-bissig-0071-300x200.jpg 300w, https:\/\/intranet.tst-gpr.ch\/wp-content\/uploads\/2021\/05\/midres-tst-gpr_martin-bissig-0071-768x512.jpg 768w, https:\/\/intranet.tst-gpr.ch\/wp-content\/uploads\/2021\/05\/midres-tst-gpr_martin-bissig-0071-1536x1025.jpg 1536w, https:\/\/intranet.tst-gpr.ch\/wp-content\/uploads\/2021\/05\/midres-tst-gpr_martin-bissig-0071-2048x1366.jpg 2048w, https:\/\/intranet.tst-gpr.ch\/wp-content\/uploads\/2021\/05\/midres-tst-gpr_martin-bissig-0071-16x12.jpg 16w\" sizes=\"(max-width: 1024px) 100vw, 1024px\" \/>\t\t\t\t\t\t\t\t\t\t\t\t\t\t\t<\/div>\n\t\t\t\t<\/div>\n\t\t\t\t\t<\/div>\n\t\t<\/div>\n\t\t\t\t<div class=\"elementor-column elementor-col-50 elementor-top-column elementor-element elementor-element-5f2f35d\" data-id=\"5f2f35d\" data-element_type=\"column\" data-e-type=\"column\">\n\t\t\t<div class=\"elementor-widget-wrap elementor-element-populated\">\n\t\t\t\t\t\t<div class=\"elementor-element elementor-element-6a75643 elementor-widget elementor-widget-text-editor\" data-id=\"6a75643\" data-element_type=\"widget\" data-e-type=\"widget\" data-widget_type=\"text-editor.default\">\n\t\t\t\t<div class=\"elementor-widget-container\">\n\t\t\t\t\t\t\t\t\t<section class=\"elementor-section elementor-top-section elementor-element elementor-element-6e267bb elementor-section-boxed elementor-section-height-default elementor-section-height-default\" data-id=\"6e267bb\" data-element_type=\"section\"><div class=\"elementor-container elementor-column-gap-default\"><div class=\"elementor-column elementor-col-100 elementor-top-column elementor-element elementor-element-1dc0dab\" data-id=\"1dc0dab\" data-element_type=\"column\"><div class=\"elementor-widget-wrap elementor-element-populated\"><div class=\"elementor-element elementor-element-1b3604d elementor-widget elementor-widget-text-editor\" data-id=\"1b3604d\" data-element_type=\"widget\" data-widget_type=\"text-editor.default\"><div><strong>We believe that bikes make the world a better place.<\/strong>\u00a0<br \/>Bicycles can make a significant contribution to solving social challenges in the areas of health, exercise, transport and environment. The bicycle is the most energy-efficient means of transport, takes up little space and keeps the rider fit. Shared experiences while cycling connect and inspire us. That's why we want to get even more people riding bikes.<\/div><div>\u00a0<\/div><div class=\"elementor-widget-container\"><strong>We build bicycles and supply bicycle parts so that all cyclists in Switzerland can always fulfill their need for sport and mobility.<br \/><\/strong>We focus on the best products and look for innovative solutions to always provide the best individual solution for cyclists. Services are just as much a part of this as bicycle products. Our goal is to ensure that tomorrow's cyclists also receive the best products from us. Everything we do is focused on the cyclist.<\/div><\/div><\/div><\/div><\/div><\/section><section class=\"elementor-section elementor-top-section elementor-element elementor-element-2133580 elementor-section-boxed elementor-section-height-default elementor-section-height-default\" data-id=\"2133580\" data-element_type=\"section\"><div class=\"elementor-container elementor-column-gap-default\"><div class=\"elementor-column elementor-col-100 elementor-top-column elementor-element elementor-element-d440db5\" data-id=\"d440db5\" data-element_type=\"column\"><div class=\"elementor-widget-wrap elementor-element-populated\"><div class=\"elementor-element elementor-element-b4f2248 elementor-widget elementor-widget-text-editor\" data-id=\"b4f2248\" data-element_type=\"widget\" data-widget_type=\"text-editor.default\"><div class=\"elementor-widget-container\"><p><strong>We do not stand still and continue to develop with the best team.<br \/><\/strong>We remain curious and continue to develop. In the best possible team, we work together in the spirit of our vision. Open to new tools, we use them sensibly. In doing so, we invest in our processes and constantly improve them, looking for waste and reducing it. In this way, we can be a reliable partner for cyclists in the long term.<\/p><\/div><\/div><\/div><\/div><\/div><\/section>\t\t\t\t\t\t\t\t<\/div>\n\t\t\t\t<\/div>\n\t\t\t\t\t<\/div>\n\t\t<\/div>\n\t\t\t\t\t<\/div>\n\t\t<\/section>\n\t\t\t\t<\/div>","protected":false},"excerpt":{"rendered":"<p>Die TST-GPR AG Die TST-GPR AG entstand im\u00a0 Januar 2021 aus dem Zusammenschluss der Firmen TST Trading GmbH und der GPR AG.\u00a0Das moderne Headquarter in Uster umfasst 4&#8217;500 Quadratmeter Lagerfl\u00e4che, 465 Quadratmeter B\u00fcrofl\u00e4che und einen grossen Showroom. Unter der operativen Leitung von Christian Heule steht ein wachsendes Team von aktuell rund 30 Mitarbeitenden im Einsatz.&hellip;<\/p>","protected":false},"author":1,"featured_media":0,"parent":0,"menu_order":10,"comment_status":"closed","ping_status":"closed","template":"elementor_header_footer","meta":{"footnotes":""},"class_list":["post-32538","page","type-page","status-publish","hentry"],"_links":{"self":[{"href":"https:\/\/intranet.tst-gpr.ch\/en\/wp-json\/wp\/v2\/pages\/32538","targetHints":{"allow":["GET"]}}],"collection":[{"href":"https:\/\/intranet.tst-gpr.ch\/en\/wp-json\/wp\/v2\/pages"}],"about":[{"href":"https:\/\/intranet.tst-gpr.ch\/en\/wp-json\/wp\/v2\/types\/page"}],"author":[{"embeddable":true,"href":"https:\/\/intranet.tst-gpr.ch\/en\/wp-json\/wp\/v2\/users\/1"}],"replies":[{"embeddable":true,"href":"https:\/\/intranet.tst-gpr.ch\/en\/wp-json\/wp\/v2\/comments?post=32538"}],"version-history":[{"count":57,"href":"https:\/\/intranet.tst-gpr.ch\/en\/wp-json\/wp\/v2\/pages\/32538\/revisions"}],"predecessor-version":[{"id":36064,"href":"https:\/\/intranet.tst-gpr.ch\/en\/wp-json\/wp\/v2\/pages\/32538\/revisions\/36064"}],"wp:attachment":[{"href":"https:\/\/intranet.tst-gpr.ch\/en\/wp-json\/wp\/v2\/media?parent=32538"}],"curies":[{"name":"wp","href":"https:\/\/api.w.org\/{rel}","templated":true}]}}