{"id":32538,"date":"2021-05-19T08:16:24","date_gmt":"2021-05-19T07:16:24","guid":{"rendered":"https:\/\/www.tst-gpr.ch\/?page_id=32538"},"modified":"2023-07-17T13:38:44","modified_gmt":"2023-07-17T12:38:44","slug":"unternehmen","status":"publish","type":"page","link":"https:\/\/intranet.tst-gpr.ch\/fr\/unternehmen\/","title":{"rendered":"Soci\u00e9t\u00e9"},"content":{"rendered":"<div data-elementor-type=\"wp-page\" data-elementor-id=\"32538\" class=\"elementor elementor-32538\" data-elementor-post-type=\"page\">\n\t\t\t\t\t\t<section class=\"elementor-section elementor-top-section elementor-element elementor-element-efdab99 elementor-section-content-middle elementor-section-boxed elementor-section-height-default elementor-section-height-default\" data-id=\"efdab99\" data-element_type=\"section\" data-e-type=\"section\">\n\t\t\t\t\t\t<div class=\"elementor-container elementor-column-gap-no\">\n\t\t\t\t\t<div class=\"elementor-column elementor-col-100 elementor-top-column elementor-element elementor-element-3d7a43ed\" data-id=\"3d7a43ed\" data-element_type=\"column\" data-e-type=\"column\">\n\t\t\t<div class=\"elementor-widget-wrap elementor-element-populated\">\n\t\t\t\t\t\t<div class=\"elementor-element elementor-element-74d0fa17 elementor-widget elementor-widget-heading\" data-id=\"74d0fa17\" data-element_type=\"widget\" data-e-type=\"widget\" data-widget_type=\"heading.default\">\n\t\t\t\t<div class=\"elementor-widget-container\">\n\t\t\t\t\t<h4 class=\"elementor-heading-title elementor-size-default\">La TST-GPR SA<\/h4>\t\t\t\t<\/div>\n\t\t\t\t<\/div>\n\t\t\t\t<div class=\"elementor-element elementor-element-122bc8ad elementor-widget elementor-widget-text-editor\" data-id=\"122bc8ad\" data-element_type=\"widget\" data-e-type=\"widget\" data-widget_type=\"text-editor.default\">\n\t\t\t\t<div class=\"elementor-widget-container\">\n\t\t\t\t\t\t\t\t\t<p><span style=\"font-weight: 400;\">TST-GPR SA est n\u00e9e en janvier 2021 de la fusion des soci\u00e9t\u00e9s TST Trading GmbH et GPR AG.\u00a0<\/span><span style=\"font-weight: 400;\">Le si\u00e8ge moderne \u00e0 Uster comprend 4\u2019500m2 d'entrep\u00f4ts, 465m2 de bureaux et une grande salle d'exposition.<\/span><span style=\"font-weight: 400;\"> Sous la direction op\u00e9rationnelle de Christian Heule, une \u00e9quipe croissante d'environ 30 collaborateurs est actuellement \u00e0 l'\u0153uvre.<\/span><\/p>\t\t\t\t\t\t\t\t<\/div>\n\t\t\t\t<\/div>\n\t\t\t\t<div class=\"elementor-element elementor-element-733845e6 elementor-widget elementor-widget-video\" data-id=\"733845e6\" data-element_type=\"widget\" data-e-type=\"widget\" data-settings=\"{&quot;video_type&quot;:&quot;vimeo&quot;}\" data-no-translation=\"\" data-widget_type=\"video.default\">\n\t\t\t\t<div class=\"elementor-widget-container\">\n\t\t\t\t\t<style>.elementor-element-733845e6{display:none !important}<\/style>\t\t\t\t<\/div>\n\t\t\t\t<\/div>\n\t\t\t\t<div class=\"elementor-element elementor-element-e594229 elementor-widget elementor-widget-video\" data-id=\"e594229\" data-element_type=\"widget\" data-e-type=\"widget\" data-settings=\"{&quot;video_type&quot;:&quot;vimeo&quot;}\" data-no-translation=\"\" data-widget_type=\"video.default\">\n\t\t\t\t<div class=\"elementor-widget-container\">\n\t\t\t\t\t\t\t<div class=\"elementor-wrapper elementor-open-inline\">\n\t\t\t<iframe class=\"elementor-video-iframe\" allowfullscreen allow=\"clipboard-write\" title=\"Lecteur vid\u00e9o vimeo\" src=\"https:\/\/player.vimeo.com\/video\/547905608?color&amp;autopause=0&amp;loop=0&amp;muted=0&amp;title=0&amp;portrait=0&amp;byline=0#t=\"><\/iframe>\t\t<\/div>\n\t\t\t\t\t\t<\/div>\n\t\t\t\t<\/div>\n\t\t\t\t<div class=\"elementor-element elementor-element-f210ef9 elementor-widget elementor-widget-video\" data-id=\"f210ef9\" data-element_type=\"widget\" data-e-type=\"widget\" data-settings=\"{&quot;video_type&quot;:&quot;vimeo&quot;}\" data-no-translation=\"\" data-widget_type=\"video.default\">\n\t\t\t\t<div class=\"elementor-widget-container\">\n\t\t\t\t\t<style>.elementor-element-f210ef9{display:none !important}<\/style>\t\t\t\t<\/div>\n\t\t\t\t<\/div>\n\t\t\t\t\t<\/div>\n\t\t<\/div>\n\t\t\t\t\t<\/div>\n\t\t<\/section>\n\t\t\t\t<section class=\"elementor-section elementor-top-section elementor-element elementor-element-223fee7 elementor-section-full_width elementor-section-height-default elementor-section-height-default\" data-id=\"223fee7\" data-element_type=\"section\" data-e-type=\"section\">\n\t\t\t\t\t\t<div class=\"elementor-container elementor-column-gap-default\">\n\t\t\t\t\t<div class=\"elementor-column elementor-col-100 elementor-top-column elementor-element elementor-element-a3b034e\" data-id=\"a3b034e\" data-element_type=\"column\" data-e-type=\"column\">\n\t\t\t<div class=\"elementor-widget-wrap elementor-element-populated\">\n\t\t\t\t\t\t<div class=\"elementor-element elementor-element-02857d7 elementor--h-position-center elementor--v-position-middle elementor-widget elementor-widget-slides\" data-id=\"02857d7\" data-element_type=\"widget\" data-e-type=\"widget\" data-settings=\"{&quot;navigation&quot;:&quot;none&quot;,&quot;transition&quot;:&quot;slide&quot;,&quot;transition_speed&quot;:500}\" data-widget_type=\"slides.default\">\n\t\t\t\t<div class=\"elementor-widget-container\">\n\t\t\t\t\t\t\t\t\t<div class=\"elementor-swiper\">\n\t\t\t\t\t<div class=\"elementor-slides-wrapper elementor-main-swiper swiper\" role=\"region\" aria-roledescription=\"carousel\" aria-label=\"Slides\" dir=\"ltr\" data-animation=\"\">\n\t\t\t\t<div class=\"swiper-wrapper elementor-slides\">\n\t\t\t\t\t\t\t\t\t\t<div class=\"elementor-repeater-item-636c4fe swiper-slide\" role=\"group\" aria-roledescription=\"slide\"><div class=\"swiper-slide-bg\" role=\"img\"><\/div><div class=\"elementor-background-overlay\"><\/div><div class=\"swiper-slide-inner\" ><div class=\"swiper-slide-contents\"><div class=\"elementor-slide-heading\">Pour que tu puisses p\u00e9daler, nous faisons de notre mieux chaque jour.<\/div><\/div><\/div><\/div>\t\t\t\t<\/div>\n\t\t\t\t\t\t\t<\/div>\n\t\t\t\t<\/div>\n\t\t\t\t\t\t\t\t<\/div>\n\t\t\t\t<\/div>\n\t\t\t\t\t<\/div>\n\t\t<\/div>\n\t\t\t\t\t<\/div>\n\t\t<\/section>\n\t\t\t\t<section class=\"elementor-section elementor-top-section elementor-element elementor-element-773db562 elementor-section-content-middle elementor-section-boxed elementor-section-height-default elementor-section-height-default\" data-id=\"773db562\" data-element_type=\"section\" data-e-type=\"section\">\n\t\t\t\t\t\t<div class=\"elementor-container elementor-column-gap-no\">\n\t\t\t\t\t<div class=\"elementor-column elementor-col-100 elementor-top-column elementor-element elementor-element-208806c0\" data-id=\"208806c0\" data-element_type=\"column\" data-e-type=\"column\">\n\t\t\t<div class=\"elementor-widget-wrap elementor-element-populated\">\n\t\t\t\t\t\t<div class=\"elementor-element elementor-element-4c57d9ca elementor-widget elementor-widget-heading\" data-id=\"4c57d9ca\" data-element_type=\"widget\" data-e-type=\"widget\" data-widget_type=\"heading.default\">\n\t\t\t\t<div class=\"elementor-widget-container\">\n\t\t\t\t\t<h4 class=\"elementor-heading-title elementor-size-default\">Produits et prestations<\/h4>\t\t\t\t<\/div>\n\t\t\t\t<\/div>\n\t\t\t\t<section class=\"elementor-section elementor-inner-section elementor-element elementor-element-1d39e9f9 elementor-section-content-middle elementor-section-boxed elementor-section-height-default elementor-section-height-default\" data-id=\"1d39e9f9\" data-element_type=\"section\" data-e-type=\"section\">\n\t\t\t\t\t\t<div class=\"elementor-container elementor-column-gap-no\">\n\t\t\t\t\t<div class=\"elementor-column elementor-col-33 elementor-inner-column elementor-element elementor-element-315c006a\" data-id=\"315c006a\" data-element_type=\"column\" data-e-type=\"column\">\n\t\t\t<div class=\"elementor-widget-wrap elementor-element-populated\">\n\t\t\t\t\t\t<div class=\"elementor-element elementor-element-70204e2f elementor-position-top elementor-widget elementor-widget-image-box\" data-id=\"70204e2f\" data-element_type=\"widget\" data-e-type=\"widget\" data-widget_type=\"image-box.default\">\n\t\t\t\t<div class=\"elementor-widget-container\">\n\t\t\t\t\t<div class=\"elementor-image-box-wrapper\"><figure class=\"elementor-image-box-img\"><img fetchpriority=\"high\" decoding=\"async\" width=\"2560\" height=\"1708\" src=\"https:\/\/intranet.tst-gpr.ch\/wp-content\/uploads\/2021\/03\/midres-tst-gpr_martin-bissig-0118-scaled.jpg\" class=\"attachment-full size-full wp-image-31383\" alt=\"\" srcset=\"https:\/\/intranet.tst-gpr.ch\/wp-content\/uploads\/2021\/03\/midres-tst-gpr_martin-bissig-0118-scaled.jpg 2560w, https:\/\/intranet.tst-gpr.ch\/wp-content\/uploads\/2021\/03\/midres-tst-gpr_martin-bissig-0118-300x200.jpg 300w, https:\/\/intranet.tst-gpr.ch\/wp-content\/uploads\/2021\/03\/midres-tst-gpr_martin-bissig-0118-1024x683.jpg 1024w, https:\/\/intranet.tst-gpr.ch\/wp-content\/uploads\/2021\/03\/midres-tst-gpr_martin-bissig-0118-768x512.jpg 768w, https:\/\/intranet.tst-gpr.ch\/wp-content\/uploads\/2021\/03\/midres-tst-gpr_martin-bissig-0118-1536x1025.jpg 1536w, https:\/\/intranet.tst-gpr.ch\/wp-content\/uploads\/2021\/03\/midres-tst-gpr_martin-bissig-0118-2048x1366.jpg 2048w, https:\/\/intranet.tst-gpr.ch\/wp-content\/uploads\/2021\/03\/midres-tst-gpr_martin-bissig-0118-16x12.jpg 16w\" sizes=\"(max-width: 2560px) 100vw, 2560px\" \/><\/figure><div class=\"elementor-image-box-content\"><h3 class=\"elementor-image-box-title\">V\u00e9los Price<\/h3><p class=\"elementor-image-box-description\">Nous concevons, produisons et distribuons les v\u00e9los de notre propre marque Price. De l'ing\u00e9nierie du cadre \u00e0 la production, l'assemblage et la distribution, nous fournissons toutes les \u00e9tapes du processus d'une seule source. Nous sommes fiers de notre propre marque Suisse.<\/p><\/div><\/div>\t\t\t\t<\/div>\n\t\t\t\t<\/div>\n\t\t\t\t\t<\/div>\n\t\t<\/div>\n\t\t\t\t<div class=\"elementor-column elementor-col-33 elementor-inner-column elementor-element elementor-element-6d83d428\" data-id=\"6d83d428\" data-element_type=\"column\" data-e-type=\"column\">\n\t\t\t<div class=\"elementor-widget-wrap elementor-element-populated\">\n\t\t\t\t\t\t<div class=\"elementor-element elementor-element-6737a813 elementor-position-top elementor-widget elementor-widget-image-box\" data-id=\"6737a813\" data-element_type=\"widget\" data-e-type=\"widget\" data-widget_type=\"image-box.default\">\n\t\t\t\t<div class=\"elementor-widget-container\">\n\t\t\t\t\t<div class=\"elementor-image-box-wrapper\"><figure class=\"elementor-image-box-img\"><img decoding=\"async\" width=\"2560\" height=\"1708\" src=\"https:\/\/intranet.tst-gpr.ch\/wp-content\/uploads\/2021\/03\/midres-tst-gpr_martin-bissig-0210-scaled.jpg\" class=\"attachment-full size-full wp-image-31384\" alt=\"\" srcset=\"https:\/\/intranet.tst-gpr.ch\/wp-content\/uploads\/2021\/03\/midres-tst-gpr_martin-bissig-0210-scaled.jpg 2560w, https:\/\/intranet.tst-gpr.ch\/wp-content\/uploads\/2021\/03\/midres-tst-gpr_martin-bissig-0210-300x200.jpg 300w, https:\/\/intranet.tst-gpr.ch\/wp-content\/uploads\/2021\/03\/midres-tst-gpr_martin-bissig-0210-1024x683.jpg 1024w, https:\/\/intranet.tst-gpr.ch\/wp-content\/uploads\/2021\/03\/midres-tst-gpr_martin-bissig-0210-768x512.jpg 768w, https:\/\/intranet.tst-gpr.ch\/wp-content\/uploads\/2021\/03\/midres-tst-gpr_martin-bissig-0210-1536x1025.jpg 1536w, https:\/\/intranet.tst-gpr.ch\/wp-content\/uploads\/2021\/03\/midres-tst-gpr_martin-bissig-0210-2048x1366.jpg 2048w, https:\/\/intranet.tst-gpr.ch\/wp-content\/uploads\/2021\/03\/midres-tst-gpr_martin-bissig-0210-16x12.jpg 16w\" sizes=\"(max-width: 2560px) 100vw, 2560px\" \/><\/figure><div class=\"elementor-image-box-content\"><h3 class=\"elementor-image-box-title\">Importation exclusive<\/h3><p class=\"elementor-image-box-description\">Nous importons des marques soigneusement s\u00e9lectionn\u00e9es et des produits hauts de gamme pour le commerce sp\u00e9cialis\u00e9 suisse. Cela inclut le d\u00e9veloppement et le maintien du r\u00e9seau des revendeurs ainsi que l'image de marque. Les t\u00e2ches principales sont la logistique, la distribution, le conseil et le soutien au commerce sp\u00e9cialis\u00e9.<\/p><\/div><\/div>\t\t\t\t<\/div>\n\t\t\t\t<\/div>\n\t\t\t\t\t<\/div>\n\t\t<\/div>\n\t\t\t\t<div class=\"elementor-column elementor-col-33 elementor-inner-column elementor-element elementor-element-70fc5170\" data-id=\"70fc5170\" data-element_type=\"column\" data-e-type=\"column\">\n\t\t\t<div class=\"elementor-widget-wrap elementor-element-populated\">\n\t\t\t\t\t\t<div class=\"elementor-element elementor-element-15b86240 elementor-position-top elementor-widget elementor-widget-image-box\" data-id=\"15b86240\" data-element_type=\"widget\" data-e-type=\"widget\" data-widget_type=\"image-box.default\">\n\t\t\t\t<div class=\"elementor-widget-container\">\n\t\t\t\t\t<div class=\"elementor-image-box-wrapper\"><figure class=\"elementor-image-box-img\"><img decoding=\"async\" width=\"2560\" height=\"1708\" src=\"https:\/\/intranet.tst-gpr.ch\/wp-content\/uploads\/2021\/03\/midres-tst-gpr_martin-bissig-0275-scaled.jpg\" class=\"attachment-full size-full wp-image-31387\" alt=\"\" srcset=\"https:\/\/intranet.tst-gpr.ch\/wp-content\/uploads\/2021\/03\/midres-tst-gpr_martin-bissig-0275-scaled.jpg 2560w, https:\/\/intranet.tst-gpr.ch\/wp-content\/uploads\/2021\/03\/midres-tst-gpr_martin-bissig-0275-300x200.jpg 300w, https:\/\/intranet.tst-gpr.ch\/wp-content\/uploads\/2021\/03\/midres-tst-gpr_martin-bissig-0275-1024x683.jpg 1024w, https:\/\/intranet.tst-gpr.ch\/wp-content\/uploads\/2021\/03\/midres-tst-gpr_martin-bissig-0275-768x512.jpg 768w, https:\/\/intranet.tst-gpr.ch\/wp-content\/uploads\/2021\/03\/midres-tst-gpr_martin-bissig-0275-1536x1025.jpg 1536w, https:\/\/intranet.tst-gpr.ch\/wp-content\/uploads\/2021\/03\/midres-tst-gpr_martin-bissig-0275-2048x1366.jpg 2048w, https:\/\/intranet.tst-gpr.ch\/wp-content\/uploads\/2021\/03\/midres-tst-gpr_martin-bissig-0275-16x12.jpg 16w\" sizes=\"(max-width: 2560px) 100vw, 2560px\" \/><\/figure><div class=\"elementor-image-box-content\"><h3 class=\"elementor-image-box-title\">Teile &amp; Zubeh\u00f6r<\/h3><p class=\"elementor-image-box-description\">Aujourd\u2019hui, la disponibilit\u00e9 et la rapidit\u00e9 sont les cl\u00e9s d'un commerce prosp\u00e8re. Nous distribuons des pi\u00e8ces et des accessoires de nombreuses marques techniques, prestigieuses et de haute qualit\u00e9. Gr\u00e2ce \u00e0 nos processus logistiques modernes et all\u00e9g\u00e9s, nous livrons sans complications, rapidement et \u00e0 des prix avantageux.\u00a0<\/p><\/div><\/div>\t\t\t\t<\/div>\n\t\t\t\t<\/div>\n\t\t\t\t\t<\/div>\n\t\t<\/div>\n\t\t\t\t\t<\/div>\n\t\t<\/section>\n\t\t\t\t\t<\/div>\n\t\t<\/div>\n\t\t\t\t\t<\/div>\n\t\t<\/section>\n\t\t\t\t<section class=\"elementor-section elementor-top-section elementor-element elementor-element-3a3e86e elementor-section-full_width elementor-section-height-default elementor-section-height-default\" data-id=\"3a3e86e\" data-element_type=\"section\" data-e-type=\"section\">\n\t\t\t\t\t\t<div class=\"elementor-container elementor-column-gap-default\">\n\t\t\t\t\t<div class=\"elementor-column elementor-col-100 elementor-top-column elementor-element elementor-element-4e7e1d9\" data-id=\"4e7e1d9\" data-element_type=\"column\" data-e-type=\"column\">\n\t\t\t<div class=\"elementor-widget-wrap elementor-element-populated\">\n\t\t\t\t\t\t<div class=\"elementor-element elementor-element-57fc3a4 elementor--h-position-center elementor--v-position-middle elementor-widget elementor-widget-slides\" data-id=\"57fc3a4\" data-element_type=\"widget\" data-e-type=\"widget\" data-settings=\"{&quot;navigation&quot;:&quot;none&quot;,&quot;transition&quot;:&quot;slide&quot;,&quot;transition_speed&quot;:500}\" data-widget_type=\"slides.default\">\n\t\t\t\t<div class=\"elementor-widget-container\">\n\t\t\t\t\t\t\t\t\t<div class=\"elementor-swiper\">\n\t\t\t\t\t<div class=\"elementor-slides-wrapper elementor-main-swiper swiper\" role=\"region\" aria-roledescription=\"carousel\" aria-label=\"Slides\" dir=\"ltr\" data-animation=\"\">\n\t\t\t\t<div class=\"swiper-wrapper elementor-slides\">\n\t\t\t\t\t\t\t\t\t\t<div class=\"elementor-repeater-item-636c4fe swiper-slide\" role=\"group\" aria-roledescription=\"slide\"><div class=\"swiper-slide-bg\" role=\"img\"><\/div><div class=\"elementor-background-overlay\"><\/div><div class=\"swiper-slide-inner\" ><div class=\"swiper-slide-contents\"><div class=\"elementor-slide-heading\">Nous croyons que les v\u00e9los am\u00e9liorent le monde<\/div><\/div><\/div><\/div>\t\t\t\t<\/div>\n\t\t\t\t\t\t\t<\/div>\n\t\t\t\t<\/div>\n\t\t\t\t\t\t\t\t<\/div>\n\t\t\t\t<\/div>\n\t\t\t\t\t<\/div>\n\t\t<\/div>\n\t\t\t\t\t<\/div>\n\t\t<\/section>\n\t\t\t\t<section class=\"elementor-section elementor-top-section elementor-element elementor-element-da8b9bd elementor-section-boxed elementor-section-height-default elementor-section-height-default\" data-id=\"da8b9bd\" data-element_type=\"section\" data-e-type=\"section\">\n\t\t\t\t\t\t<div class=\"elementor-container elementor-column-gap-default\">\n\t\t\t\t\t<div class=\"elementor-column elementor-col-100 elementor-top-column elementor-element elementor-element-9fc87e0\" data-id=\"9fc87e0\" data-element_type=\"column\" data-e-type=\"column\">\n\t\t\t<div class=\"elementor-widget-wrap elementor-element-populated\">\n\t\t\t\t\t\t<div class=\"elementor-element elementor-element-e049add elementor-widget elementor-widget-heading\" data-id=\"e049add\" data-element_type=\"widget\" data-e-type=\"widget\" data-widget_type=\"heading.default\">\n\t\t\t\t<div class=\"elementor-widget-container\">\n\t\t\t\t\t<h4 class=\"elementor-heading-title elementor-size-default\">Notre mission<\/h4>\t\t\t\t<\/div>\n\t\t\t\t<\/div>\n\t\t\t\t\t<\/div>\n\t\t<\/div>\n\t\t\t\t\t<\/div>\n\t\t<\/section>\n\t\t\t\t<section class=\"elementor-section elementor-top-section elementor-element elementor-element-956c17a elementor-section-boxed elementor-section-height-default elementor-section-height-default\" data-id=\"956c17a\" data-element_type=\"section\" data-e-type=\"section\">\n\t\t\t\t\t\t<div class=\"elementor-container elementor-column-gap-default\">\n\t\t\t\t\t<div class=\"elementor-column elementor-col-50 elementor-top-column elementor-element elementor-element-254b323\" data-id=\"254b323\" data-element_type=\"column\" data-e-type=\"column\">\n\t\t\t<div class=\"elementor-widget-wrap elementor-element-populated\">\n\t\t\t\t\t\t<div class=\"elementor-element elementor-element-9e64e95 elementor-widget elementor-widget-image\" data-id=\"9e64e95\" data-element_type=\"widget\" data-e-type=\"widget\" data-widget_type=\"image.default\">\n\t\t\t\t<div class=\"elementor-widget-container\">\n\t\t\t\t\t\t\t\t\t\t\t\t\t\t\t<img loading=\"lazy\" decoding=\"async\" width=\"1024\" height=\"683\" src=\"https:\/\/intranet.tst-gpr.ch\/wp-content\/uploads\/2021\/05\/midres-tst-gpr_martin-bissig-0071-1024x683.jpg\" class=\"attachment-large size-large wp-image-32596\" alt=\"\" srcset=\"https:\/\/intranet.tst-gpr.ch\/wp-content\/uploads\/2021\/05\/midres-tst-gpr_martin-bissig-0071-1024x683.jpg 1024w, https:\/\/intranet.tst-gpr.ch\/wp-content\/uploads\/2021\/05\/midres-tst-gpr_martin-bissig-0071-300x200.jpg 300w, https:\/\/intranet.tst-gpr.ch\/wp-content\/uploads\/2021\/05\/midres-tst-gpr_martin-bissig-0071-768x512.jpg 768w, https:\/\/intranet.tst-gpr.ch\/wp-content\/uploads\/2021\/05\/midres-tst-gpr_martin-bissig-0071-1536x1025.jpg 1536w, https:\/\/intranet.tst-gpr.ch\/wp-content\/uploads\/2021\/05\/midres-tst-gpr_martin-bissig-0071-2048x1366.jpg 2048w, https:\/\/intranet.tst-gpr.ch\/wp-content\/uploads\/2021\/05\/midres-tst-gpr_martin-bissig-0071-16x12.jpg 16w\" sizes=\"(max-width: 1024px) 100vw, 1024px\" \/>\t\t\t\t\t\t\t\t\t\t\t\t\t\t\t<\/div>\n\t\t\t\t<\/div>\n\t\t\t\t\t<\/div>\n\t\t<\/div>\n\t\t\t\t<div class=\"elementor-column elementor-col-50 elementor-top-column elementor-element elementor-element-5f2f35d\" data-id=\"5f2f35d\" data-element_type=\"column\" data-e-type=\"column\">\n\t\t\t<div class=\"elementor-widget-wrap elementor-element-populated\">\n\t\t\t\t\t\t<div class=\"elementor-element elementor-element-6a75643 elementor-widget elementor-widget-text-editor\" data-id=\"6a75643\" data-element_type=\"widget\" data-e-type=\"widget\" data-widget_type=\"text-editor.default\">\n\t\t\t\t<div class=\"elementor-widget-container\">\n\t\t\t\t\t\t\t\t\t<section class=\"elementor-section elementor-top-section elementor-element elementor-element-6e267bb elementor-section-boxed elementor-section-height-default elementor-section-height-default\" data-id=\"6e267bb\" data-element_type=\"section\"><div class=\"elementor-container elementor-column-gap-default\"><div class=\"elementor-column elementor-col-100 elementor-top-column elementor-element elementor-element-1dc0dab\" data-id=\"1dc0dab\" data-element_type=\"column\"><div class=\"elementor-widget-wrap elementor-element-populated\"><div class=\"elementor-element elementor-element-1b3604d elementor-widget elementor-widget-text-editor\" data-id=\"1b3604d\" data-element_type=\"widget\" data-widget_type=\"text-editor.default\"><div><strong>Nous croyons que les v\u00e9los rendent le monde meilleur.<\/strong>\u00a0<br \/>Les bicyclettes peuvent contribuer de mani\u00e8re significative \u00e0 la r\u00e9solution des d\u00e9fis soci\u00e9taux dans les domaines de la sant\u00e9, de l'activit\u00e9 physique, des transports et de l'environnement. Le v\u00e9lo est le moyen de transport le plus \u00e9conome en \u00e9nergie, il prend peu de place et maintient le cycliste en forme. Les exp\u00e9riences partag\u00e9es \u00e0 v\u00e9lo nous connectent et nous inspirent. C'est pourquoi nous aimerions motiver encore plus de gens \u00e0 faire du v\u00e9lo.<\/div><div>\u00a0<\/div><div class=\"elementor-widget-container\"><strong>Nous construisons des v\u00e9los et fournissons des pi\u00e8ces d\u00e9tach\u00e9es pour que tous les cyclistes en Suisse puissent satisfaire \u00e0 tout moment leur besoin de sport et de mobilit\u00e9.<br \/><\/strong>Nous nous concentrons sur les meilleurs produits et recherchons des solutions innovantes pour offrir aux cyclistes la meilleure solution individuelle \u00e0 tout moment. Les prestations en font tout autant partie que les produits v\u00e9lo. Notre objectif est de faire en sorte que les cyclistes de demain re\u00e7oivent \u00e9galement les meilleurs produits de notre part. Tout ce que nous faisons est ax\u00e9 sur le cycliste.<\/div><\/div><\/div><\/div><\/div><\/section><section class=\"elementor-section elementor-top-section elementor-element elementor-element-2133580 elementor-section-boxed elementor-section-height-default elementor-section-height-default\" data-id=\"2133580\" data-element_type=\"section\"><div class=\"elementor-container elementor-column-gap-default\"><div class=\"elementor-column elementor-col-100 elementor-top-column elementor-element elementor-element-d440db5\" data-id=\"d440db5\" data-element_type=\"column\"><div class=\"elementor-widget-wrap elementor-element-populated\"><div class=\"elementor-element elementor-element-b4f2248 elementor-widget elementor-widget-text-editor\" data-id=\"b4f2248\" data-element_type=\"widget\" data-widget_type=\"text-editor.default\"><div class=\"elementor-widget-container\"><p><strong>Nous ne nous arr\u00eatons pas et continuons \u00e0 nous d\u00e9velopper avec la meilleure \u00e9quipe.<br \/><\/strong>Nous restons curieux et continuons \u00e0 nous d\u00e9velopper. Avec la meilleure \u00e9quipe possible, nous travaillons ensemble dans l'esprit de notre vision. Ouverts aux nouveaux instruments, nous les utilisons avec discernement. Pour ce faire, nous investissons dans nos processus et les am\u00e9liorons constamment, en recherchant les gaspillages et en les r\u00e9duisant. De cette mani\u00e8re, nous pouvons \u00eatre un partenaire fiable pour les cyclistes \u00e0 long terme.<\/p><\/div><\/div><\/div><\/div><\/div><\/section>\t\t\t\t\t\t\t\t<\/div>\n\t\t\t\t<\/div>\n\t\t\t\t\t<\/div>\n\t\t<\/div>\n\t\t\t\t\t<\/div>\n\t\t<\/section>\n\t\t\t\t<\/div>","protected":false},"excerpt":{"rendered":"<p>Die TST-GPR AG Die TST-GPR AG entstand im\u00a0 Januar 2021 aus dem Zusammenschluss der Firmen TST Trading GmbH und der GPR AG.\u00a0Das moderne Headquarter in Uster umfasst 4&#8217;500 Quadratmeter Lagerfl\u00e4che, 465 Quadratmeter B\u00fcrofl\u00e4che und einen grossen Showroom. Unter der operativen Leitung von Christian Heule steht ein wachsendes Team von aktuell rund 30 Mitarbeitenden im Einsatz.&hellip;<\/p>","protected":false},"author":1,"featured_media":0,"parent":0,"menu_order":10,"comment_status":"closed","ping_status":"closed","template":"elementor_header_footer","meta":{"footnotes":""},"class_list":["post-32538","page","type-page","status-publish","hentry"],"_links":{"self":[{"href":"https:\/\/intranet.tst-gpr.ch\/fr\/wp-json\/wp\/v2\/pages\/32538","targetHints":{"allow":["GET"]}}],"collection":[{"href":"https:\/\/intranet.tst-gpr.ch\/fr\/wp-json\/wp\/v2\/pages"}],"about":[{"href":"https:\/\/intranet.tst-gpr.ch\/fr\/wp-json\/wp\/v2\/types\/page"}],"author":[{"embeddable":true,"href":"https:\/\/intranet.tst-gpr.ch\/fr\/wp-json\/wp\/v2\/users\/1"}],"replies":[{"embeddable":true,"href":"https:\/\/intranet.tst-gpr.ch\/fr\/wp-json\/wp\/v2\/comments?post=32538"}],"version-history":[{"count":57,"href":"https:\/\/intranet.tst-gpr.ch\/fr\/wp-json\/wp\/v2\/pages\/32538\/revisions"}],"predecessor-version":[{"id":36064,"href":"https:\/\/intranet.tst-gpr.ch\/fr\/wp-json\/wp\/v2\/pages\/32538\/revisions\/36064"}],"wp:attachment":[{"href":"https:\/\/intranet.tst-gpr.ch\/fr\/wp-json\/wp\/v2\/media?parent=32538"}],"curies":[{"name":"wp","href":"https:\/\/api.w.org\/{rel}","templated":true}]}}